{"id":139,"date":"2012-12-17T10:27:29","date_gmt":"2012-12-17T13:27:29","guid":{"rendered":"http:\/\/www.coopatrigo.com.br\/s\/?page_id=139"},"modified":"2017-06-19T19:33:01","modified_gmt":"2017-06-19T22:33:01","slug":"a-coopatrigo","status":"publish","type":"page","link":"https:\/\/www.coopatrigo.com.br\/novo\/a-coopatrigo\/","title":{"rendered":"A Coopatrigo"},"content":{"rendered":"<div id=\"dslc-main\">\n\t\t<div  class=\"dslc-modules-section \" style=\"padding-bottom:30px;padding-top:30px;background-color:#16452c;background-image:url(https:\/\/www.coopatrigo.com.br\/novo\/wp-content\/uploads\/2021\/02\/bg.png);background-position:center center;\" data-section-id=\"3ff9ef2b7bb\">\n\t\t\t\t\n\t\t\t\t\n\t\t\t\t<div class=\"dslc-modules-section-wrapper dslc-clearfix\"><div class=\"dslc-modules-area dslc-col dslc-12-col dslc-last-col dslc-valign- \" data-size=\"12\" data-valign=\"\">\n\t\t<div id=\"dslc-module-ee9be248bed\" class=\"dslc-module-front dslc-module-DSLC_TP_Title dslc-in-viewport-check dslc-in-viewport-anim-none  dslc-col dslc-12-col dslc-last-col  dslc-module-handle-like-regular \" data-module-id=\"ee9be248bed\" data-module=\"DSLC_TP_Title\" data-dslc-module-size=\"12\" data-dslc-anim=\"none\" data-dslc-anim-delay=\"\" data-dslc-anim-duration=\"650\"  data-dslc-anim-easing=\"ease\" data-dslc-preset=\"none\" >\n\n\t\t\t\n\t\t\t\n\t\t\r\n\t\t\t\t<div class=\"dslc-tp-title\"><h1>A Coopatrigo<\/h1><\/div>\r\n\r\n\t\t\t\n\t\t\t\t<\/div><!-- .dslc-module -->\n\t\t<\/div><\/div><\/div>\n\t\t<div  class=\"dslc-modules-section \" style=\"padding-bottom:30px;padding-top:30px;\" data-section-id=\"7771b49fb67\">\n\t\t\t\t\n\t\t\t\t\n\t\t\t\t<div class=\"dslc-modules-section-wrapper dslc-clearfix\"><div class=\"dslc-modules-area dslc-col dslc-2-col dslc-first-col dslc-valign-undefined \" data-size=\"2\" data-valign=\"undefined\"><\/div><div class=\"dslc-modules-area dslc-col dslc-8-col  dslc-valign- \" data-size=\"8\" data-valign=\"\">\n\t\t<div id=\"dslc-module-7dd5722a0b8\" class=\"dslc-module-front dslc-module-DSLC_Text_Simple dslc-in-viewport-check dslc-in-viewport-anim-none  dslc-col dslc-12-col dslc-last-col  dslc-module-handle-like-regular \" data-module-id=\"7dd5722a0b8\" data-module=\"DSLC_Text_Simple\" data-dslc-module-size=\"12\" data-dslc-anim=\"none\" data-dslc-anim-delay=\"\" data-dslc-anim-duration=\"650\"  data-dslc-anim-easing=\"ease\" data-dslc-preset=\"none\" >\n\n\t\t\t\n\t\t\t\n\t\t\r\n\t\t<div class=\"dslc-text-module-content\">\r\n\t\t\t<p>A Cooperativa Trit\u00edcola Regional S\u00e3o-Luizense Ltda foi fundada em 25\/09\/1957 por 11 produtores rurais que sentiram a necessidade de ter um local para armazenar e comercializar a sua produ\u00e7\u00e3o. No in\u00edcio de sua atividade a Cooperativa trabalhava basicamente em torno da lavoura de trigo, quando foram constru\u00eddos os primeiros armaz\u00e9ns com equipamentos de secagem e limpeza. J\u00e1 no decorrer dos anos 70 os agricultores intensificaram o plantio de soja, que se transformou na principal cultura plantada na regi\u00e3o.<\/p><p>A Coopatrigo acompanhando a evolu\u00e7\u00e3o de seus associados tamb\u00e9m come\u00e7ou a expandir-se, aumentando a sua \u00e1rea de abrang\u00eancia para outras localidades. Atualmente a Coopatrigo tem uma \u00e1rea de atua\u00e7\u00e3o que engloba 300 mil hectares em 13 munic\u00edpios: S\u00e3o Luiz Gonzaga, Santo Antonio das Miss\u00f5es, Garruchos, S\u00e3o Nicolau, Pirap\u00f3, Dezesseis de Novembro, Roque Gonzales, Rolador, Caibat\u00e9, Mato Queimado, Bossoroca, Cap\u00e3o do Cip\u00f3 e Santiago.<\/p><p>A estrutura da Coopatrigo montada nestes 13 munic\u00edpios possui 23 unidades de recebimento de gr\u00e3os, duas industrias (arroz e f\u00e1brica de ra\u00e7\u00f5es) produzindo as marcas Arroz 7 Povos e Ra\u00e7\u00f5es Piratini, uma Unidade de Beneficiamento de Sementes com dois Centros Industriais de Tratamento de Sementes, laborat\u00f3rio de sementes, laborat\u00f3rio de solos, matrizeiro de su\u00ednos, dois supermercados, tr\u00eas postos de combust\u00edveis, 1 Centro Agropecu\u00e1rio, 9 lojas de consumo\/veterin\u00e1ria e 12 lojas de insumos.<\/p><p>A Coopatrigo possui uma \u00e1rea de assist\u00eancia t\u00e9cnica com agr\u00f4nomos, veterin\u00e1rios e t\u00e9cnicos agr\u00edcolas qualificados e treinados periodicamente para levar novas tecnologias aos associados, permitindo que eles produzam mais em suas propriedades e consequentemente entreguem mais produto para a cooperativa.<\/p><p>Na sua hist\u00f3ria a Coopatrigo contribuiu significativamente com o desenvolvimento agr\u00edcola da regi\u00e3o, atrav\u00e9s da difus\u00e3o de tecnologia, fornecimento de insumos, recebimento e comercializa\u00e7\u00e3o de produtos. Al\u00e9m disso, em cada um dos munic\u00edpios onde est\u00e1 instalada a Cooperativa se destaca no retorno do ICMS, e na gera\u00e7\u00e3o de empregos e renda nestas localidades.<\/p><p>Miss\u00e3o Produ\u00e7\u00e3o, armazenamento, industrializa\u00e7\u00e3o e comercializa\u00e7\u00e3o de produtos agropecu\u00e1rios com efici\u00eancia e competitividade buscando a viabiliza\u00e7\u00e3o econ\u00f4mica e o desenvolvimento regional sustent\u00e1vel.<\/p><p>Objetivos Est\u00edmulo ao desenvolvimento progressivo e a defesa de suas atividades econ\u00f4micas, de car\u00e1ter comum; Venda, em comum, de sua produ\u00e7\u00e3o agr\u00edcola ou pecu\u00e1ria no mercado local, nacional e internacional;<\/p><p>Operar como exportador e\/ou importador diretamente e\/ou em nome de seus associados;<\/p>\t\t<\/div>\r\n\r\n\t\t\n\t\t\t\t<\/div><!-- .dslc-module -->\n\t\t<\/div><div class=\"dslc-modules-area dslc-col dslc-2-col dslc-last-col dslc-valign-undefined \" data-size=\"2\" data-valign=\"undefined\"><\/div><\/div><\/div><\/div>","protected":false},"excerpt":{"rendered":"<p>A Coopatrigo A Cooperativa Trit\u00edcola Regional S\u00e3o-Luizense Ltda foi fundada em 25\/09\/1957 por 11 produtores rurais que sentiram a necessidade de ter um local para armazenar e comercializar a sua produ\u00e7\u00e3o. No in\u00edcio de sua atividade a Cooperativa trabalhava basicamente em torno da lavoura de trigo, quando foram constru\u00eddos os primeiros armaz\u00e9ns com equipamentos de [&hellip;]<\/p>\n","protected":false},"author":1,"featured_media":0,"parent":0,"menu_order":0,"comment_status":"closed","ping_status":"open","template":"","meta":{"_acf_changed":false,"footnotes":""},"class_list":["post-139","page","type-page","status-publish","hentry"],"acf":[],"_links":{"self":[{"href":"https:\/\/www.coopatrigo.com.br\/novo\/wp-json\/wp\/v2\/pages\/139","targetHints":{"allow":["GET"]}}],"collection":[{"href":"https:\/\/www.coopatrigo.com.br\/novo\/wp-json\/wp\/v2\/pages"}],"about":[{"href":"https:\/\/www.coopatrigo.com.br\/novo\/wp-json\/wp\/v2\/types\/page"}],"author":[{"embeddable":true,"href":"https:\/\/www.coopatrigo.com.br\/novo\/wp-json\/wp\/v2\/users\/1"}],"replies":[{"embeddable":true,"href":"https:\/\/www.coopatrigo.com.br\/novo\/wp-json\/wp\/v2\/comments?post=139"}],"version-history":[{"count":0,"href":"https:\/\/www.coopatrigo.com.br\/novo\/wp-json\/wp\/v2\/pages\/139\/revisions"}],"wp:attachment":[{"href":"https:\/\/www.coopatrigo.com.br\/novo\/wp-json\/wp\/v2\/media?parent=139"}],"curies":[{"name":"wp","href":"https:\/\/api.w.org\/{rel}","templated":true}]}}