{"id":42311,"date":"2024-03-04T13:49:20","date_gmt":"2024-03-04T16:49:20","guid":{"rendered":"https:\/\/www.coopatrigo.com.br\/novo\/?page_id=42311"},"modified":"2024-03-04T13:49:20","modified_gmt":"2024-03-04T16:49:20","slug":"plantshow","status":"publish","type":"page","link":"https:\/\/www.coopatrigo.com.br\/novo\/plantshow\/","title":{"rendered":"PlantShow"},"content":{"rendered":"<div id=\"dslc-main\">\n\t\t<div  class=\"dslc-modules-section \" style=\"background-image:url(https:\/\/www.coopatrigo.com.br\/novo\/wp-content\/uploads\/2024\/03\/Imagem-do-WhatsApp-de-2024-03-04-as-14.17.31_926e38ad.jpg);background-position:center center;background-size:cover;\" data-section-id=\"79884ba0509\">\n\t\t\t\t\n\t\t\t\t\n\t\t\t\t<div class=\"dslc-modules-section-wrapper dslc-clearfix\"><div class=\"dslc-modules-area dslc-col dslc-12-col dslc-last-col dslc-valign- \" data-size=\"12\" data-valign=\"\">\n\t\t<div id=\"dslc-module-43521172937\" class=\"dslc-module-front dslc-module-DSLC_Image dslc-in-viewport-check dslc-in-viewport-anim-none  dslc-col dslc-12-col dslc-last-col  dslc-module-handle-like-regular \" data-module-id=\"43521172937\" data-module=\"DSLC_Image\" data-dslc-module-size=\"12\" data-dslc-anim=\"none\" data-dslc-anim-delay=\"\" data-dslc-anim-duration=\"650\"  data-dslc-anim-easing=\"ease\" data-dslc-preset=\"none\" >\n\n\t\t\t\n\t\t\t\n\t\t\t\t<div class=\"dslc-image-container\">\r\n\t\t<div class=\"dslc-image\">\r\n\r\n\t\t\t\r\n\t\t\t\t\r\n\t\t\t\t\t\t\t\t\t<img src=\"https:\/\/www.coopatrigo.com.br\/novo\/wp-content\/uploads\/2024\/03\/plantt.png\" alt=\"\" title=\"\" srcset=\"https:\/\/www.coopatrigo.com.br\/novo\/wp-content\/uploads\/2024\/03\/plantt.png 1000w, https:\/\/www.coopatrigo.com.br\/novo\/wp-content\/uploads\/2024\/03\/plantt-300x183.png 300w, https:\/\/www.coopatrigo.com.br\/novo\/wp-content\/uploads\/2024\/03\/plantt-768x469.png 768w\" sizes=\"(max-width: 1000px) 100vw, 1000px\" \/>\r\n\t\t\t\t\r\n\t\t\t\t\t\t\t\t\t<\/div><!-- .dslc-image -->\r\n\t\t<\/div>\r\n\t\t\n\t\t\t\t<\/div><!-- .dslc-module -->\n\t\t<\/div><\/div><\/div>\n\t\t<div  class=\"dslc-modules-section \" style=\"\" data-section-id=\"79884ba0509\">\n\t\t\t\t\n\t\t\t\t\n\t\t\t\t<div class=\"dslc-modules-section-wrapper dslc-clearfix\"><div class=\"dslc-modules-area dslc-col dslc-6-col dslc-first-col dslc-valign- \" data-size=\"6\" data-valign=\"\">\n\t\t<div id=\"dslc-module-79f2ecf526a\" class=\"dslc-module-front dslc-module-DSLC_Text_Simple dslc-in-viewport-check dslc-in-viewport-anim-none  dslc-col dslc-12-col dslc-last-col  dslc-module-handle-like-regular \" data-module-id=\"79f2ecf526a\" data-module=\"DSLC_Text_Simple\" data-dslc-module-size=\"12\" data-dslc-anim=\"none\" data-dslc-anim-delay=\"\" data-dslc-anim-duration=\"650\"  data-dslc-anim-easing=\"ease\" data-dslc-preset=\"none\" >\n\n\t\t\t\n\t\t\t\n\t\t\r\n\t\t<div class=\"dslc-text-module-content\">\r\n\t\t\t<h1>13 DE MAR\u00c7O<\/h1><p><span style=\"color: #339966;\"><strong>15h30min<\/strong><\/span>\u00a0 \u00a0Recep\u00e7\u00e3o do p\u00fablico e in\u00edcio dos roteiros de campo<\/p><p><span style=\"color: #339966;\"><strong>19h<\/strong><\/span>\u00a0 \u00a0Programa\u00e7\u00e3o especial Coopatrigo Plant Show<\/p><p><span style=\"color: #339966;\"><strong>20h<\/strong><\/span>\u00a0 \u00a0Encerramento do primeiro dia do evento<\/p><p>\u00a0<\/p><p><span style=\"color: #339966;\"><strong>UNIDADES PARTICIPANTES<\/strong><\/span><\/p><ul><li>Bossoroca<\/li><li>Cap\u00e3o do Cip\u00f3<\/li><li>Florida<\/li><li>Garruchos<\/li><li>Itacurubi<\/li><li>Pirap\u00f3<\/li><li>Rinc\u00e3o Vermelho<\/li><li>Roque Gonzales<\/li><li>Santiago<\/li><li>Santo Ant\u00f4nio das Miss\u00f5es<\/li><li>S\u00e3o Borja<\/li><li>S\u00e3o Jos\u00e9<\/li><li>S\u00e3o Nicolau<\/li><li>XVI de Novembro<\/li><\/ul><p>\u00a0<\/p>\t\t<\/div>\r\n\r\n\t\t\n\t\t\t\t<\/div><!-- .dslc-module -->\n\t\t<\/div><div class=\"dslc-modules-area dslc-col dslc-6-col dslc-last-col dslc-valign- \" data-size=\"6\" data-valign=\"\">\n\t\t<div id=\"dslc-module-2eiarvjjl1\" class=\"dslc-module-front dslc-module-DSLC_Text_Simple dslc-in-viewport-check dslc-in-viewport-anim-none  dslc-col dslc-12-col dslc-last-col  dslc-module-handle-like-regular \" data-module-id=\"2eiarvjjl1\" data-module=\"DSLC_Text_Simple\" data-dslc-module-size=\"12\" data-dslc-anim=\"none\" data-dslc-anim-delay=\"\" data-dslc-anim-duration=\"650\"  data-dslc-anim-easing=\"ease\" data-dslc-preset=\"none\" >\n\n\t\t\t\n\t\t\t\n\t\t\r\n\t\t<div class=\"dslc-text-module-content\">\r\n\t\t\t<h1>14 DE MAR\u00c7O<\/h1><p><span style=\"color: #339966;\"><strong>15h30min<\/strong><\/span>\u00a0 \u00a0Recep\u00e7\u00e3o do p\u00fablico e in\u00edcio dos roteiros de campo<\/p><p><span style=\"color: #339966;\"><strong>19h<\/strong><\/span>\u00a0 \u00a0Programa\u00e7\u00e3o especial Coopatrigo Plant Show<\/p><p><span style=\"color: #339966;\"><strong>20h<\/strong><\/span>\u00a0 \u00a0Encerramento do evento<\/p><p>\u00a0<\/p><p><span style=\"color: #339966;\"><strong>UNIDADES PARTICIPANTES<\/strong><\/span><\/p><ul><li>Caibat\u00e9<\/li><li>Mato Queimado<\/li><li>Rolador<\/li><li>S\u00e3o Luiz Gonzaga<\/li><li>S\u00e3o Louren\u00e7o<\/li><li>Vista Alegre<\/li><\/ul><p>\u00a0<\/p>\t\t<\/div>\r\n\r\n\t\t\n\t\t\t\t<\/div><!-- .dslc-module -->\n\t\t<\/div><div class=\"dslc-modules-area dslc-col dslc-12-col dslc-last-col dslc-valign-undefined \" data-size=\"12\" data-valign=\"undefined\">\n\t\t<div id=\"dslc-module-57c1c4d58c6\" class=\"dslc-module-front dslc-module-DSLC_Button dslc-in-viewport-check dslc-in-viewport-anim-none  dslc-col dslc-12-col dslc-last-col  dslc-module-handle-like-regular \" data-module-id=\"57c1c4d58c6\" data-module=\"DSLC_Button\" data-dslc-module-size=\"12\" data-dslc-anim=\"none\" data-dslc-anim-delay=\"\" data-dslc-anim-duration=\"650\"  data-dslc-anim-easing=\"ease\" data-dslc-preset=\"none\" >\n\n\t\t\t\n\t\t\t\n\t\t\r\n\t\t\t<div class=\"dslc-button\">\r\n\t\t\t\t\t\t\t\t\t<a href=\"https:\/\/forms.office.com\/r\/LSFcfnFhnV\" target=\"_blank\"  onClick=\"\" class=\"\">\r\n\t\t\t\t\t\t\t\t\t\t\t\t\t\t\t\t\t\t\t<span>FA\u00c7A J\u00c1 A SUA INSCRI\u00c7\u00c3O<\/span>\r\n\t\t\t\t\t\t\t\t\t\t\t\t\t\t\t\t\t<\/a>\r\n\t\t\t\t\t\t\t<\/div><!-- .dslc-button -->\r\n\r\n\r\n\t\t\t\t\t\t\n\t\t\t\t<\/div><!-- .dslc-module -->\n\t\t<\/div><div class=\"dslc-modules-area dslc-col dslc-12-col dslc-last-col dslc-valign-undefined \" data-size=\"12\" data-valign=\"undefined\">\n\t\t<div id=\"dslc-module-c583499e6e3\" class=\"dslc-module-front dslc-module-DSLC_Image dslc-in-viewport-check dslc-in-viewport-anim-none  dslc-col dslc-12-col dslc-last-col dslc-hide-on-phone  dslc-module-handle-like-regular \" data-module-id=\"c583499e6e3\" data-module=\"DSLC_Image\" data-dslc-module-size=\"12\" data-dslc-anim=\"none\" data-dslc-anim-delay=\"\" data-dslc-anim-duration=\"650\"  data-dslc-anim-easing=\"ease\" data-dslc-preset=\"none\" >\n\n\t\t\t\n\t\t\t\n\t\t\t\t<div class=\"dslc-image-container\">\r\n\t\t<div class=\"dslc-image\">\r\n\r\n\t\t\t\r\n\t\t\t\t\r\n\t\t\t\t\t\t\t\t\t<img src=\"https:\/\/www.coopatrigo.com.br\/novo\/wp-content\/uploads\/2024\/03\/APOIO.jpg\" alt=\"\" title=\"\" srcset=\"https:\/\/www.coopatrigo.com.br\/novo\/wp-content\/uploads\/2024\/03\/APOIO.jpg 1080w, https:\/\/www.coopatrigo.com.br\/novo\/wp-content\/uploads\/2024\/03\/APOIO-300x56.jpg 300w, https:\/\/www.coopatrigo.com.br\/novo\/wp-content\/uploads\/2024\/03\/APOIO-1024x192.jpg 1024w, https:\/\/www.coopatrigo.com.br\/novo\/wp-content\/uploads\/2024\/03\/APOIO-768x144.jpg 768w\" sizes=\"(max-width: 1080px) 100vw, 1080px\" \/>\r\n\t\t\t\t\r\n\t\t\t\t\t\t\t\t\t<\/div><!-- .dslc-image -->\r\n\t\t<\/div>\r\n\t\t\n\t\t\t\t<\/div><!-- .dslc-module -->\n\t\t\n\t\t<div id=\"dslc-module-6me29juo0g\" class=\"dslc-module-front dslc-module-DSLC_Image dslc-in-viewport-check dslc-in-viewport-anim-none  dslc-col dslc-12-col dslc-last-col dslc-hide-on-desktop dslc-hide-on-tablet  dslc-module-handle-like-regular \" data-module-id=\"6me29juo0g\" data-module=\"DSLC_Image\" data-dslc-module-size=\"12\" data-dslc-anim=\"none\" data-dslc-anim-delay=\"\" data-dslc-anim-duration=\"650\"  data-dslc-anim-easing=\"ease\" data-dslc-preset=\"none\" >\n\n\t\t\t\n\t\t\t\n\t\t\t\t<div class=\"dslc-image-container\">\r\n\t\t<div class=\"dslc-image\">\r\n\r\n\t\t\t\r\n\t\t\t\t\r\n\t\t\t\t\t\t\t\t\t<img src=\"https:\/\/www.coopatrigo.com.br\/novo\/wp-content\/uploads\/2024\/03\/apoio_1.jpg\" alt=\"\" title=\"\" srcset=\"https:\/\/www.coopatrigo.com.br\/novo\/wp-content\/uploads\/2024\/03\/apoio_1.jpg 1080w, https:\/\/www.coopatrigo.com.br\/novo\/wp-content\/uploads\/2024\/03\/apoio_1-300x226.jpg 300w, https:\/\/www.coopatrigo.com.br\/novo\/wp-content\/uploads\/2024\/03\/apoio_1-1024x772.jpg 1024w, https:\/\/www.coopatrigo.com.br\/novo\/wp-content\/uploads\/2024\/03\/apoio_1-768x579.jpg 768w\" sizes=\"(max-width: 1080px) 100vw, 1080px\" \/>\r\n\t\t\t\t\r\n\t\t\t\t\t\t\t\t\t<\/div><!-- .dslc-image -->\r\n\t\t<\/div>\r\n\t\t\n\t\t\t\t<\/div><!-- .dslc-module -->\n\t\t<\/div><\/div><\/div><\/div>","protected":false},"excerpt":{"rendered":"<p>13 DE MAR\u00c7O15h30min\u00a0 \u00a0Recep\u00e7\u00e3o do p\u00fablico e in\u00edcio dos roteiros de campo19h\u00a0 \u00a0Programa\u00e7\u00e3o especial Coopatrigo Plant Show20h\u00a0 \u00a0Encerramento do primeiro dia do evento\u00a0UNIDADES PARTICIPANTESBossorocaCap\u00e3o do Cip\u00f3FloridaGarruchosItacurubiPirap\u00f3Rinc\u00e3o VermelhoRoque GonzalesSantiagoSanto Ant\u00f4nio das Miss\u00f5esS\u00e3o BorjaS\u00e3o Jos\u00e9S\u00e3o NicolauXVI de Novembro\u00a0 14 DE MAR\u00c7O15h30min\u00a0 \u00a0Recep\u00e7\u00e3o do p\u00fablico e in\u00edcio dos roteiros de campo19h\u00a0 \u00a0Programa\u00e7\u00e3o especial Coopatrigo Plant Show20h\u00a0 \u00a0Encerramento do [&hellip;]<\/p>\n","protected":false},"author":1,"featured_media":0,"parent":0,"menu_order":0,"comment_status":"closed","ping_status":"closed","template":"","meta":{"_acf_changed":false,"footnotes":""},"class_list":["post-42311","page","type-page","status-publish","hentry"],"acf":[],"_links":{"self":[{"href":"https:\/\/www.coopatrigo.com.br\/novo\/wp-json\/wp\/v2\/pages\/42311","targetHints":{"allow":["GET"]}}],"collection":[{"href":"https:\/\/www.coopatrigo.com.br\/novo\/wp-json\/wp\/v2\/pages"}],"about":[{"href":"https:\/\/www.coopatrigo.com.br\/novo\/wp-json\/wp\/v2\/types\/page"}],"author":[{"embeddable":true,"href":"https:\/\/www.coopatrigo.com.br\/novo\/wp-json\/wp\/v2\/users\/1"}],"replies":[{"embeddable":true,"href":"https:\/\/www.coopatrigo.com.br\/novo\/wp-json\/wp\/v2\/comments?post=42311"}],"version-history":[{"count":0,"href":"https:\/\/www.coopatrigo.com.br\/novo\/wp-json\/wp\/v2\/pages\/42311\/revisions"}],"wp:attachment":[{"href":"https:\/\/www.coopatrigo.com.br\/novo\/wp-json\/wp\/v2\/media?parent=42311"}],"curies":[{"name":"wp","href":"https:\/\/api.w.org\/{rel}","templated":true}]}}