{"id":52693,"date":"2025-11-13T18:37:39","date_gmt":"2025-11-13T21:37:39","guid":{"rendered":"https:\/\/www.coopatrigo.com.br\/novo\/?page_id=52693"},"modified":"2025-11-13T18:37:39","modified_gmt":"2025-11-13T21:37:39","slug":"videos","status":"publish","type":"page","link":"https:\/\/www.coopatrigo.com.br\/novo\/videos\/","title":{"rendered":"V\u00eddeos"},"content":{"rendered":"<div id=\"dslc-main\">\n\t\t<div  class=\"dslc-modules-section \" style=\"padding-bottom:30px;padding-top:30px;background-color:#16452c;background-image:url(https:\/\/www.coopatrigo.com.br\/novo\/wp-content\/uploads\/2021\/02\/bg.png);background-position:center center;\" data-section-id=\"bb8d533c1bb\">\n\t\t\t\t\n\t\t\t\t\n\t\t\t\t<div class=\"dslc-modules-section-wrapper dslc-clearfix\"><div class=\"dslc-modules-area dslc-col dslc-12-col dslc-last-col dslc-valign- \" data-size=\"12\" data-valign=\"\">\n\t\t<div id=\"dslc-module-62bf10bae8c\" class=\"dslc-module-front dslc-module-DSLC_TP_Title dslc-in-viewport-check dslc-in-viewport-anim-none  dslc-col dslc-12-col dslc-last-col  dslc-module-handle-like-regular \" data-module-id=\"62bf10bae8c\" data-module=\"DSLC_TP_Title\" data-dslc-module-size=\"12\" data-dslc-anim=\"none\" data-dslc-anim-delay=\"\" data-dslc-anim-duration=\"650\"  data-dslc-anim-easing=\"ease\" data-dslc-preset=\"none\" >\n\n\t\t\t\n\t\t\t\n\t\t\r\n\t\t\t\t<div class=\"dslc-tp-title\"><h1>V\u00eddeos<\/h1><\/div>\r\n\r\n\t\t\t\n\t\t\t\t<\/div><!-- .dslc-module -->\n\t\t<\/div><\/div><\/div>\n\t\t<div  class=\"dslc-modules-section \" style=\"\" data-section-id=\"29dbe68b1b7\">\n\t\t\t\t\n\t\t\t\t\n\t\t\t\t<div class=\"dslc-modules-section-wrapper dslc-clearfix\"><div class=\"dslc-modules-area dslc-col dslc-12-col dslc-last-col dslc-valign- \" data-size=\"12\" data-valign=\"\">\n\t\t<div id=\"dslc-module-t8t00efec4g\" class=\"dslc-module-front dslc-module-DSLC_Text_Simple dslc-in-viewport-check dslc-in-viewport-anim-none  dslc-col dslc-12-col dslc-last-col  dslc-module-handle-like-regular \" data-module-id=\"t8t00efec4g\" data-module=\"DSLC_Text_Simple\" data-dslc-module-size=\"12\" data-dslc-anim=\"none\" data-dslc-anim-delay=\"0\" data-dslc-anim-duration=\"650\"  data-dslc-anim-easing=\"ease\" data-dslc-preset=\"none\" >\n\n\t\t\t\n\t\t\t\n\t\t\r\n\t\t<div class=\"dslc-text-module-content\">\r\n\t\t\t<h1 style=\"color: #076e0f;\">Dia de Campo Virtual Coopatrigo<\/h1>\t\t<\/div>\r\n\r\n\t\t\n\t\t\t\t<\/div><!-- .dslc-module -->\n\t\t<\/div><\/div><\/div>\n\t\t<div  class=\"dslc-modules-section \" style=\"background-color:#f9f9f9;\" data-section-id=\"29dbe68b1b7\">\n\t\t\t\t\n\t\t\t\t\n\t\t\t\t<div class=\"dslc-modules-section-wrapper dslc-clearfix\"><div class=\"dslc-modules-area dslc-col dslc-4-col dslc-first-col dslc-valign-middle \" data-size=\"4\" data-valign=\"middle\">\n\t\t<div id=\"dslc-module-22521a58fd9\" class=\"dslc-module-front dslc-module-DSLC_Text_Simple dslc-in-viewport-check dslc-in-viewport-anim-none  dslc-col dslc-12-col dslc-last-col  dslc-module-handle-like-regular \" data-module-id=\"22521a58fd9\" data-module=\"DSLC_Text_Simple\" data-dslc-module-size=\"12\" data-dslc-anim=\"none\" data-dslc-anim-delay=\"0\" data-dslc-anim-duration=\"650\"  data-dslc-anim-easing=\"ease\" data-dslc-preset=\"none\" >\n\n\t\t\t\n\t\t\t\n\t\t\r\n\t\t<div class=\"dslc-text-module-content\">\r\n\t\t\t<h1 style=\"color: #076e0f;\">Abertura<\/h1><h2 style=\"color: #022b0d;\">Presidente Paulo Pires<\/h2><p style=\"color: #3e3b3b;\">Come\u00e7amos o nosso Dia de Campo Virtual Coopatrigo com a mensagem do presidente Paulo Pires, destacando o compromisso da cooperativa com o desenvolvimento e a inova\u00e7\u00e3o no campo.\u00a0<\/p>\t\t<\/div>\r\n\r\n\t\t\n\t\t\t\t<\/div><!-- .dslc-module -->\n\t\t\n\t\t<div id=\"dslc-module-1nr9btjrg\" class=\"dslc-module-front dslc-module-DSLC_Separator dslc-in-viewport-check dslc-in-viewport-anim-none  dslc-col dslc-12-col dslc-last-col dslc-hide-on-phone  dslc-module-handle-like-regular \" data-module-id=\"1nr9btjrg\" data-module=\"DSLC_Separator\" data-dslc-module-size=\"12\" data-dslc-anim=\"none\" data-dslc-anim-delay=\"0\" data-dslc-anim-duration=\"650\"  data-dslc-anim-easing=\"ease\" data-dslc-preset=\"none\" >\n\n\t\t\t\n\t\t\t\n\t\t\t\t\t<div class=\"dslc-separator-wrapper\">\r\n\t\t\t\t<div class=\"dslc-separator dslc-separator-style-invisible\">\r\n\t\t\t\t\t\t\t\t\t<\/div>\r\n\t\t\t\t<div><\/div>\r\n\t\t\t<\/div><!-- .dslc-separator-wrapper -->\r\n\t\t\t\n\t\t\t\t<\/div><!-- .dslc-module -->\n\t\t\n\t\t<div id=\"dslc-module-25fa134b740\" class=\"dslc-module-front dslc-module-DSLC_Text_Simple dslc-in-viewport-check dslc-in-viewport-anim-none  dslc-col dslc-12-col dslc-last-col  dslc-module-handle-like-regular \" data-module-id=\"25fa134b740\" data-module=\"DSLC_Text_Simple\" data-dslc-module-size=\"12\" data-dslc-anim=\"none\" data-dslc-anim-delay=\"0\" data-dslc-anim-duration=\"650\"  data-dslc-anim-easing=\"ease\" data-dslc-preset=\"none\" >\n\n\t\t\t\n\t\t\t\n\t\t\r\n\t\t<div class=\"dslc-text-module-content\">\r\n\t\t\t<p><div style=\"width: 1080px;\" class=\"wp-video\"><video class=\"wp-video-shortcode\" id=\"video-52693-8\" width=\"1080\" height=\"1920\" poster=\"https:\/\/www.coopatrigo.com.br\/novo\/wp-content\/uploads\/2025\/11\/Captura-de-Tela-2025-11-13-as-19.07.11.jpg\" preload=\"metadata\" controls=\"controls\"><source type=\"video\/mp4\" src=\"https:\/\/www.coopatrigo.com.br\/novo\/wp-content\/uploads\/2025\/11\/PRESIDENTE.mp4?_=8\" \/><a href=\"https:\/\/www.coopatrigo.com.br\/novo\/wp-content\/uploads\/2025\/11\/PRESIDENTE.mp4\">https:\/\/www.coopatrigo.com.br\/novo\/wp-content\/uploads\/2025\/11\/PRESIDENTE.mp4<\/a><\/video><\/div><\/p>\t\t<\/div>\r\n\r\n\t\t\n\t\t\t\t<\/div><!-- .dslc-module -->\n\t\t<\/div><div class=\"dslc-modules-area dslc-col dslc-4-col  dslc-valign-middle \" data-size=\"4\" data-valign=\"middle\">\n\t\t<div id=\"dslc-module-cmos981spp8\" class=\"dslc-module-front dslc-module-DSLC_Text_Simple dslc-in-viewport-check dslc-in-viewport-anim-none  dslc-col dslc-12-col dslc-last-col  dslc-module-handle-like-regular \" data-module-id=\"cmos981spp8\" data-module=\"DSLC_Text_Simple\" data-dslc-module-size=\"12\" data-dslc-anim=\"none\" data-dslc-anim-delay=\"0\" data-dslc-anim-duration=\"650\"  data-dslc-anim-easing=\"ease\" data-dslc-preset=\"none\" >\n\n\t\t\t\n\t\t\t\n\t\t\r\n\t\t<div class=\"dslc-text-module-content\">\r\n\t\t\t<h1>Esta\u00e7\u00e3o 1<\/h1><h2>Cultivares de Trigo<br>(4 lan\u00e7amentos)<\/h2><p>Conhe\u00e7a os 4 lan\u00e7amentos de trigo do portf\u00f3lio Sementes Coopatrigo \u2014 mais produtividade, sanidade e qualidade para o seu plantio!<\/p>\t\t<\/div>\r\n\r\n\t\t\n\t\t\t\t<\/div><!-- .dslc-module -->\n\t\t\n\t\t<div id=\"dslc-module-rnq93l5iius\" class=\"dslc-module-front dslc-module-DSLC_Text_Simple dslc-in-viewport-check dslc-in-viewport-anim-none  dslc-col dslc-12-col dslc-last-col  dslc-module-handle-like-regular \" data-module-id=\"rnq93l5iius\" data-module=\"DSLC_Text_Simple\" data-dslc-module-size=\"12\" data-dslc-anim=\"none\" data-dslc-anim-delay=\"0\" data-dslc-anim-duration=\"650\"  data-dslc-anim-easing=\"ease\" data-dslc-preset=\"none\" >\n\n\t\t\t\n\t\t\t\n\t\t\r\n\t\t<div class=\"dslc-text-module-content\">\r\n\t\t\t<p><div style=\"width: 1080px;\" class=\"wp-video\"><video class=\"wp-video-shortcode\" id=\"video-52693-9\" width=\"1080\" height=\"1920\" poster=\"https:\/\/www.coopatrigo.com.br\/novo\/wp-content\/uploads\/2025\/11\/Captura-de-Tela-2025-11-13-as-19.16.36.jpg\" preload=\"metadata\" controls=\"controls\"><source type=\"video\/mp4\" src=\"https:\/\/www.coopatrigo.com.br\/novo\/wp-content\/uploads\/2025\/11\/ESTACAO-01.mp4?_=9\" \/><a href=\"https:\/\/www.coopatrigo.com.br\/novo\/wp-content\/uploads\/2025\/11\/ESTACAO-01.mp4\">https:\/\/www.coopatrigo.com.br\/novo\/wp-content\/uploads\/2025\/11\/ESTACAO-01.mp4<\/a><\/video><\/div><\/p>\t\t<\/div>\r\n\r\n\t\t\n\t\t\t\t<\/div><!-- .dslc-module -->\n\t\t<\/div><div class=\"dslc-modules-area dslc-col dslc-4-col dslc-last-col dslc-valign-middle \" data-size=\"4\" data-valign=\"middle\">\n\t\t<div id=\"dslc-module-gg97qve8pls\" class=\"dslc-module-front dslc-module-DSLC_Text_Simple dslc-in-viewport-check dslc-in-viewport-anim-none  dslc-col dslc-12-col dslc-last-col  dslc-module-handle-like-regular \" data-module-id=\"gg97qve8pls\" data-module=\"DSLC_Text_Simple\" data-dslc-module-size=\"12\" data-dslc-anim=\"none\" data-dslc-anim-delay=\"0\" data-dslc-anim-duration=\"650\"  data-dslc-anim-easing=\"ease\" data-dslc-preset=\"none\" >\n\n\t\t\t\n\t\t\t\n\t\t\r\n\t\t<div class=\"dslc-text-module-content\">\r\n\t\t\t<h1>Esta\u00e7\u00e3o 2<\/h1><h2>Carinata + Canola<\/h2><p>Carinata e Canola: duas culturas com grande potencial para diversificar o inverno e gerar rentabilidade ao produtor.<\/p>\t\t<\/div>\r\n\r\n\t\t\n\t\t\t\t<\/div><!-- .dslc-module -->\n\t\t\n\t\t<div id=\"dslc-module-8d0e1cc4272\" class=\"dslc-module-front dslc-module-DSLC_Separator dslc-in-viewport-check dslc-in-viewport-anim-none  dslc-col dslc-12-col dslc-last-col dslc-hide-on-phone  dslc-module-handle-like-regular \" data-module-id=\"8d0e1cc4272\" data-module=\"DSLC_Separator\" data-dslc-module-size=\"12\" data-dslc-anim=\"none\" data-dslc-anim-delay=\"0\" data-dslc-anim-duration=\"650\"  data-dslc-anim-easing=\"ease\" data-dslc-preset=\"none\" >\n\n\t\t\t\n\t\t\t\n\t\t\t\t\t<div class=\"dslc-separator-wrapper\">\r\n\t\t\t\t<div class=\"dslc-separator dslc-separator-style-invisible\">\r\n\t\t\t\t\t\t\t\t\t<\/div>\r\n\t\t\t\t<div><\/div>\r\n\t\t\t<\/div><!-- .dslc-separator-wrapper -->\r\n\t\t\t\n\t\t\t\t<\/div><!-- .dslc-module -->\n\t\t\n\t\t<div id=\"dslc-module-ddvm3ekntrg\" class=\"dslc-module-front dslc-module-DSLC_Text_Simple dslc-in-viewport-check dslc-in-viewport-anim-none  dslc-col dslc-12-col dslc-last-col  dslc-module-handle-like-regular \" data-module-id=\"ddvm3ekntrg\" data-module=\"DSLC_Text_Simple\" data-dslc-module-size=\"12\" data-dslc-anim=\"none\" data-dslc-anim-delay=\"0\" data-dslc-anim-duration=\"650\"  data-dslc-anim-easing=\"ease\" data-dslc-preset=\"none\" >\n\n\t\t\t\n\t\t\t\n\t\t\r\n\t\t<div class=\"dslc-text-module-content\">\r\n\t\t\t<p><div style=\"width: 1080px;\" class=\"wp-video\"><video class=\"wp-video-shortcode\" id=\"video-52693-10\" width=\"1080\" height=\"1920\" poster=\"https:\/\/www.coopatrigo.com.br\/novo\/wp-content\/uploads\/2025\/11\/Captura-de-Tela-2025-11-13-as-19.16.04.jpg\" preload=\"metadata\" controls=\"controls\"><source type=\"video\/mp4\" src=\"https:\/\/www.coopatrigo.com.br\/novo\/wp-content\/uploads\/2025\/11\/ESTACAO-02.mp4?_=10\" \/><a href=\"https:\/\/www.coopatrigo.com.br\/novo\/wp-content\/uploads\/2025\/11\/ESTACAO-02.mp4\">https:\/\/www.coopatrigo.com.br\/novo\/wp-content\/uploads\/2025\/11\/ESTACAO-02.mp4<\/a><\/video><\/div><\/p>\t\t<\/div>\r\n\r\n\t\t\n\t\t\t\t<\/div><!-- .dslc-module -->\n\t\t<\/div><div class=\"dslc-modules-area dslc-col dslc-12-col dslc-last-col dslc-valign-undefined \" data-size=\"12\" data-valign=\"undefined\">\n\t\t<div id=\"dslc-module-f0b12f48f90\" class=\"dslc-module-front dslc-module-DSLC_Separator dslc-in-viewport-check dslc-in-viewport-anim-none  dslc-col dslc-12-col dslc-last-col dslc-hide-on-phone  dslc-module-handle-like-regular \" data-module-id=\"f0b12f48f90\" data-module=\"DSLC_Separator\" data-dslc-module-size=\"12\" data-dslc-anim=\"none\" data-dslc-anim-delay=\"0\" data-dslc-anim-duration=\"650\"  data-dslc-anim-easing=\"ease\" data-dslc-preset=\"none\" >\n\n\t\t\t\n\t\t\t\n\t\t\t\t\t<div class=\"dslc-separator-wrapper\">\r\n\t\t\t\t<div class=\"dslc-separator dslc-separator-style-invisible\">\r\n\t\t\t\t\t\t\t\t\t<\/div>\r\n\t\t\t\t<div><\/div>\r\n\t\t\t<\/div><!-- .dslc-separator-wrapper -->\r\n\t\t\t\n\t\t\t\t<\/div><!-- .dslc-module -->\n\t\t<\/div><div class=\"dslc-modules-area dslc-col dslc-4-col dslc-first-col dslc-valign-middle \" data-size=\"4\" data-valign=\"middle\">\n\t\t<div id=\"dslc-module-cvnojdhqqq\" class=\"dslc-module-front dslc-module-DSLC_Text_Simple dslc-in-viewport-check dslc-in-viewport-anim-none  dslc-col dslc-12-col dslc-last-col  dslc-module-handle-like-regular \" data-module-id=\"cvnojdhqqq\" data-module=\"DSLC_Text_Simple\" data-dslc-module-size=\"12\" data-dslc-anim=\"none\" data-dslc-anim-delay=\"0\" data-dslc-anim-duration=\"650\"  data-dslc-anim-easing=\"ease\" data-dslc-preset=\"none\" >\n\n\t\t\t\n\t\t\t\n\t\t\r\n\t\t<div class=\"dslc-text-module-content\">\r\n\t\t\t<h1 style=\"color: #076e0f;\">Esta\u00e7\u00e3o 3<\/h1><h2 style=\"color: #022b0d;\">Plantas de Servi\u00e7o<\/h2><p style=\"color: #3e3b3b;\">As plantas de servi\u00e7o s\u00e3o aliadas da sustentabilidade e da produtividade \u2014 fortalecem o solo e preparam o terreno para o pr\u00f3ximo ciclo.<\/p>\t\t<\/div>\r\n\r\n\t\t\n\t\t\t\t<\/div><!-- .dslc-module -->\n\t\t\n\t\t<div id=\"dslc-module-p6i209gi998\" class=\"dslc-module-front dslc-module-DSLC_Text_Simple dslc-in-viewport-check dslc-in-viewport-anim-none  dslc-col dslc-12-col dslc-last-col  dslc-module-handle-like-regular \" data-module-id=\"p6i209gi998\" data-module=\"DSLC_Text_Simple\" data-dslc-module-size=\"12\" data-dslc-anim=\"none\" data-dslc-anim-delay=\"0\" data-dslc-anim-duration=\"650\"  data-dslc-anim-easing=\"ease\" data-dslc-preset=\"none\" >\n\n\t\t\t\n\t\t\t\n\t\t\r\n\t\t<div class=\"dslc-text-module-content\">\r\n\t\t\t<p><div style=\"width: 1080px;\" class=\"wp-video\"><video class=\"wp-video-shortcode\" id=\"video-52693-11\" width=\"1080\" height=\"1920\" poster=\"https:\/\/www.coopatrigo.com.br\/novo\/wp-content\/uploads\/2025\/11\/Captura-de-Tela-2025-11-13-as-19.15.40.jpg\" preload=\"metadata\" controls=\"controls\"><source type=\"video\/mp4\" src=\"https:\/\/www.coopatrigo.com.br\/novo\/wp-content\/uploads\/2025\/11\/ESTACAO-03-1.mp4?_=11\" \/><a href=\"https:\/\/www.coopatrigo.com.br\/novo\/wp-content\/uploads\/2025\/11\/ESTACAO-03-1.mp4\">https:\/\/www.coopatrigo.com.br\/novo\/wp-content\/uploads\/2025\/11\/ESTACAO-03-1.mp4<\/a><\/video><\/div><\/p>\t\t<\/div>\r\n\r\n\t\t\n\t\t\t\t<\/div><!-- .dslc-module -->\n\t\t<\/div><div class=\"dslc-modules-area dslc-col dslc-4-col  dslc-valign-middle \" data-size=\"4\" data-valign=\"middle\">\n\t\t<div id=\"dslc-module-j71uqpmaadk\" class=\"dslc-module-front dslc-module-DSLC_Text_Simple dslc-in-viewport-check dslc-in-viewport-anim-none  dslc-col dslc-12-col dslc-last-col  dslc-module-handle-like-regular \" data-module-id=\"j71uqpmaadk\" data-module=\"DSLC_Text_Simple\" data-dslc-module-size=\"12\" data-dslc-anim=\"none\" data-dslc-anim-delay=\"0\" data-dslc-anim-duration=\"650\"  data-dslc-anim-easing=\"ease\" data-dslc-preset=\"none\" >\n\n\t\t\t\n\t\t\t\n\t\t\r\n\t\t<div class=\"dslc-text-module-content\">\r\n\t\t\t<h1 style=\"color: #076e0f;\">Esta\u00e7\u00e3o 4<\/h1><h2 style=\"color: #022b0d;\">Cultura do Milho<\/h2><p style=\"color: #3e3b3b;\">Tecnologia, manejo e gen\u00e9tica de ponta! Descubra os resultados da cultura do milho nas \u00e1reas de demonstra\u00e7\u00e3o Coopatrigo.<\/p>\t\t<\/div>\r\n\r\n\t\t\n\t\t\t\t<\/div><!-- .dslc-module -->\n\t\t\n\t\t<div id=\"dslc-module-56jtqtebs1\" class=\"dslc-module-front dslc-module-DSLC_Separator dslc-in-viewport-check dslc-in-viewport-anim-none  dslc-col dslc-12-col dslc-last-col dslc-hide-on-phone  dslc-module-handle-like-regular \" data-module-id=\"56jtqtebs1\" data-module=\"DSLC_Separator\" data-dslc-module-size=\"12\" data-dslc-anim=\"none\" data-dslc-anim-delay=\"0\" data-dslc-anim-duration=\"650\"  data-dslc-anim-easing=\"ease\" data-dslc-preset=\"none\" >\n\n\t\t\t\n\t\t\t\n\t\t\t\t\t<div class=\"dslc-separator-wrapper\">\r\n\t\t\t\t<div class=\"dslc-separator dslc-separator-style-invisible\">\r\n\t\t\t\t\t\t\t\t\t<\/div>\r\n\t\t\t\t<div><\/div>\r\n\t\t\t<\/div><!-- .dslc-separator-wrapper -->\r\n\t\t\t\n\t\t\t\t<\/div><!-- .dslc-module -->\n\t\t\n\t\t<div id=\"dslc-module-bqtb7jpr1ok\" class=\"dslc-module-front dslc-module-DSLC_Text_Simple dslc-in-viewport-check dslc-in-viewport-anim-none  dslc-col dslc-12-col dslc-last-col  dslc-module-handle-like-regular \" data-module-id=\"bqtb7jpr1ok\" data-module=\"DSLC_Text_Simple\" data-dslc-module-size=\"12\" data-dslc-anim=\"none\" data-dslc-anim-delay=\"0\" data-dslc-anim-duration=\"650\"  data-dslc-anim-easing=\"ease\" data-dslc-preset=\"none\" >\n\n\t\t\t\n\t\t\t\n\t\t\r\n\t\t<div class=\"dslc-text-module-content\">\r\n\t\t\t<p><div style=\"width: 1080px;\" class=\"wp-video\"><video class=\"wp-video-shortcode\" id=\"video-52693-12\" width=\"1080\" height=\"1920\" poster=\"https:\/\/www.coopatrigo.com.br\/novo\/wp-content\/uploads\/2025\/11\/Captura-de-Tela-2025-11-13-as-19.15.22.jpg\" preload=\"metadata\" controls=\"controls\"><source type=\"video\/mp4\" src=\"https:\/\/www.coopatrigo.com.br\/novo\/wp-content\/uploads\/2025\/11\/ESTACAO-04.mp4?_=12\" \/><a href=\"https:\/\/www.coopatrigo.com.br\/novo\/wp-content\/uploads\/2025\/11\/ESTACAO-04.mp4\">https:\/\/www.coopatrigo.com.br\/novo\/wp-content\/uploads\/2025\/11\/ESTACAO-04.mp4<\/a><\/video><\/div><\/p>\t\t<\/div>\r\n\r\n\t\t\n\t\t\t\t<\/div><!-- .dslc-module -->\n\t\t<\/div><div class=\"dslc-modules-area dslc-col dslc-4-col dslc-last-col dslc-valign-middle \" data-size=\"4\" data-valign=\"middle\">\n\t\t<div id=\"dslc-module-ktpajicoul\" class=\"dslc-module-front dslc-module-DSLC_Text_Simple dslc-in-viewport-check dslc-in-viewport-anim-none  dslc-col dslc-12-col dslc-last-col  dslc-module-handle-like-regular \" data-module-id=\"ktpajicoul\" data-module=\"DSLC_Text_Simple\" data-dslc-module-size=\"12\" data-dslc-anim=\"none\" data-dslc-anim-delay=\"0\" data-dslc-anim-duration=\"650\"  data-dslc-anim-easing=\"ease\" data-dslc-preset=\"none\" >\n\n\t\t\t\n\t\t\t\n\t\t\r\n\t\t<div class=\"dslc-text-module-content\">\r\n\t\t\t<h1 style=\"color: #076e0f;\">Esta\u00e7\u00e3o 5<\/h1><h2 style=\"color: #022b0d;\">Mercado de Gr\u00e3os<\/h2><p style=\"color: #3e3b3b;\">An\u00e1lise, tend\u00eancias e perspectivas com o time Coopatrigo \u2014 entenda os fatores que impactam o mercado de gr\u00e3os e as oportunidades para o produtor.<\/p>\t\t<\/div>\r\n\r\n\t\t\n\t\t\t\t<\/div><!-- .dslc-module -->\n\t\t\n\t\t<div id=\"dslc-module-nl03rp4be1s\" class=\"dslc-module-front dslc-module-DSLC_Text_Simple dslc-in-viewport-check dslc-in-viewport-anim-none  dslc-col dslc-12-col dslc-last-col  dslc-module-handle-like-regular \" data-module-id=\"nl03rp4be1s\" data-module=\"DSLC_Text_Simple\" data-dslc-module-size=\"12\" data-dslc-anim=\"none\" data-dslc-anim-delay=\"0\" data-dslc-anim-duration=\"650\"  data-dslc-anim-easing=\"ease\" data-dslc-preset=\"none\" >\n\n\t\t\t\n\t\t\t\n\t\t\r\n\t\t<div class=\"dslc-text-module-content\">\r\n\t\t\t<p><div style=\"width: 1080px;\" class=\"wp-video\"><video class=\"wp-video-shortcode\" id=\"video-52693-13\" width=\"1080\" height=\"1920\" poster=\"https:\/\/www.coopatrigo.com.br\/novo\/wp-content\/uploads\/2025\/11\/Captura-de-Tela-2025-11-13-as-19.19.46.jpg\" preload=\"metadata\" controls=\"controls\"><source type=\"video\/mp4\" src=\"https:\/\/www.coopatrigo.com.br\/novo\/wp-content\/uploads\/2025\/11\/ESTACAO-05.mp4?_=13\" \/><a href=\"https:\/\/www.coopatrigo.com.br\/novo\/wp-content\/uploads\/2025\/11\/ESTACAO-05.mp4\">https:\/\/www.coopatrigo.com.br\/novo\/wp-content\/uploads\/2025\/11\/ESTACAO-05.mp4<\/a><\/video><\/div><\/p>\t\t<\/div>\r\n\r\n\t\t\n\t\t\t\t<\/div><!-- .dslc-module -->\n\t\t<\/div><div class=\"dslc-modules-area dslc-col dslc-12-col dslc-last-col dslc-valign-undefined \" data-size=\"12\" data-valign=\"undefined\">\n\t\t<div id=\"dslc-module-3sh4mj41658\" class=\"dslc-module-front dslc-module-DSLC_Separator dslc-in-viewport-check dslc-in-viewport-anim-none  dslc-col dslc-12-col dslc-last-col dslc-hide-on-phone  dslc-module-handle-like-regular \" data-module-id=\"3sh4mj41658\" data-module=\"DSLC_Separator\" data-dslc-module-size=\"12\" data-dslc-anim=\"none\" data-dslc-anim-delay=\"0\" data-dslc-anim-duration=\"650\"  data-dslc-anim-easing=\"ease\" data-dslc-preset=\"none\" >\n\n\t\t\t\n\t\t\t\n\t\t\t\t\t<div class=\"dslc-separator-wrapper\">\r\n\t\t\t\t<div class=\"dslc-separator dslc-separator-style-invisible\">\r\n\t\t\t\t\t\t\t\t\t<\/div>\r\n\t\t\t\t<div><\/div>\r\n\t\t\t<\/div><!-- .dslc-separator-wrapper -->\r\n\t\t\t\n\t\t\t\t<\/div><!-- .dslc-module -->\n\t\t<\/div><div class=\"dslc-modules-area dslc-col dslc-4-col dslc-first-col dslc-valign-middle \" data-size=\"4\" data-valign=\"middle\">\n\t\t<div id=\"dslc-module-6ca92cpq18k\" class=\"dslc-module-front dslc-module-DSLC_Text_Simple dslc-in-viewport-check dslc-in-viewport-anim-none  dslc-col dslc-12-col dslc-last-col  dslc-module-handle-like-regular \" data-module-id=\"6ca92cpq18k\" data-module=\"DSLC_Text_Simple\" data-dslc-module-size=\"12\" data-dslc-anim=\"none\" data-dslc-anim-delay=\"0\" data-dslc-anim-duration=\"650\"  data-dslc-anim-easing=\"ease\" data-dslc-preset=\"none\" >\n\n\t\t\t\n\t\t\t\n\t\t\r\n\t\t<div class=\"dslc-text-module-content\">\r\n\t\t\t<h1 style=\"color: #076e0f;\">Esta\u00e7\u00e3o 6<\/h1><h2 style=\"color: #022b0d;\">Resumo das Esta\u00e7\u00f5es<\/h2><p style=\"color: #3e3b3b;\">Um resumo do que vimos no Dia de Campo Virtual Coopatrigo \u2014 conhecimento, tecnologia e parceria lado a lado com o produtor.<\/p>\t\t<\/div>\r\n\r\n\t\t\n\t\t\t\t<\/div><!-- .dslc-module -->\n\t\t\n\t\t<div id=\"dslc-module-fvksh26eclo\" class=\"dslc-module-front dslc-module-DSLC_Text_Simple dslc-in-viewport-check dslc-in-viewport-anim-none  dslc-col dslc-12-col dslc-last-col  dslc-module-handle-like-regular \" data-module-id=\"fvksh26eclo\" data-module=\"DSLC_Text_Simple\" data-dslc-module-size=\"12\" data-dslc-anim=\"none\" data-dslc-anim-delay=\"0\" data-dslc-anim-duration=\"650\"  data-dslc-anim-easing=\"ease\" data-dslc-preset=\"none\" >\n\n\t\t\t\n\t\t\t\n\t\t\r\n\t\t<div class=\"dslc-text-module-content\">\r\n\t\t\t<p><div style=\"width: 1080px;\" class=\"wp-video\"><video class=\"wp-video-shortcode\" id=\"video-52693-14\" width=\"1080\" height=\"1920\" poster=\"https:\/\/www.coopatrigo.com.br\/novo\/wp-content\/uploads\/2025\/11\/Captura-de-Tela-2025-11-13-as-19.21.01.jpg\" preload=\"metadata\" controls=\"controls\"><source type=\"video\/mp4\" src=\"https:\/\/www.coopatrigo.com.br\/novo\/wp-content\/uploads\/2025\/11\/ULTIMA-ESTACAO-06.mp4?_=14\" \/><a href=\"https:\/\/www.coopatrigo.com.br\/novo\/wp-content\/uploads\/2025\/11\/ULTIMA-ESTACAO-06.mp4\">https:\/\/www.coopatrigo.com.br\/novo\/wp-content\/uploads\/2025\/11\/ULTIMA-ESTACAO-06.mp4<\/a><\/video><\/div><\/p>\t\t<\/div>\r\n\r\n\t\t\n\t\t\t\t<\/div><!-- .dslc-module -->\n\t\t<\/div><\/div><\/div><\/div>","protected":false},"excerpt":{"rendered":"<p>V\u00eddeos Dia de Campo Virtual Coopatrigo AberturaPresidente Paulo PiresCome\u00e7amos o nosso Dia de Campo Virtual Coopatrigo com a mensagem do presidente Paulo Pires, destacando o compromisso da cooperativa com o desenvolvimento e a inova\u00e7\u00e3o no campo.\u00a0 https:\/\/www.coopatrigo.com.br\/novo\/wp-content\/uploads\/2025\/11\/PRESIDENTE.mp4 Esta\u00e7\u00e3o 1Cultivares de Trigo(4 lan\u00e7amentos)Conhe\u00e7a os 4 lan\u00e7amentos de trigo do portf\u00f3lio Sementes Coopatrigo \u2014 mais produtividade, sanidade [&hellip;]<\/p>\n","protected":false},"author":1,"featured_media":0,"parent":0,"menu_order":0,"comment_status":"closed","ping_status":"closed","template":"","meta":{"_acf_changed":false,"footnotes":""},"class_list":["post-52693","page","type-page","status-publish","hentry"],"acf":[],"_links":{"self":[{"href":"https:\/\/www.coopatrigo.com.br\/novo\/wp-json\/wp\/v2\/pages\/52693","targetHints":{"allow":["GET"]}}],"collection":[{"href":"https:\/\/www.coopatrigo.com.br\/novo\/wp-json\/wp\/v2\/pages"}],"about":[{"href":"https:\/\/www.coopatrigo.com.br\/novo\/wp-json\/wp\/v2\/types\/page"}],"author":[{"embeddable":true,"href":"https:\/\/www.coopatrigo.com.br\/novo\/wp-json\/wp\/v2\/users\/1"}],"replies":[{"embeddable":true,"href":"https:\/\/www.coopatrigo.com.br\/novo\/wp-json\/wp\/v2\/comments?post=52693"}],"version-history":[{"count":1,"href":"https:\/\/www.coopatrigo.com.br\/novo\/wp-json\/wp\/v2\/pages\/52693\/revisions"}],"predecessor-version":[{"id":52694,"href":"https:\/\/www.coopatrigo.com.br\/novo\/wp-json\/wp\/v2\/pages\/52693\/revisions\/52694"}],"wp:attachment":[{"href":"https:\/\/www.coopatrigo.com.br\/novo\/wp-json\/wp\/v2\/media?parent=52693"}],"curies":[{"name":"wp","href":"https:\/\/api.w.org\/{rel}","templated":true}]}}